{"id":9,"date":"2011-06-02T20:54:03","date_gmt":"2011-06-02T20:54:03","guid":{"rendered":"http:\/\/74.52.193.26\/~alemanxa\/?page_id=9"},"modified":"2013-02-01T18:33:33","modified_gmt":"2013-02-01T18:33:33","slug":"ejercitacioningreso","status":"publish","type":"page","link":"https:\/\/www.alemanxaleman.com.ar\/?page_id=9","title":{"rendered":"Ejercitaci\u00f3n"},"content":{"rendered":"<p>Estos ejercicios est\u00e1n dirigidos a los estudiantes de alem\u00e1n que desean ampliar su pr\u00e1ctica del idioma. La ejercitaci\u00f3n reproductiva ofrece un modelo de soluci\u00f3n sin descartar otras soluciones factibles.<\/p>\n<p>Los ejercicios productivos se podr\u00e1n enviar a nuestra direcci\u00f3n de e-mail: <strong>info@alemanxaleman.com.ar<\/strong><br \/>\n<strong> <\/strong><\/p>\n<p><strong>&gt;&gt; <a href=\"http:\/\/www.alemanxaleman.com.ar\/wp-content\/uploads\/2011\/08\/ejercitacion_principiantes.doc\" target=\"_blank\">Ejercitaci\u00f3n para nivel b\u00e1sico<\/a><\/strong><br \/>\n<strong> <\/strong><\/p>\n<p><strong>&gt;&gt; <a href=\"http:\/\/www.alemanxaleman.com.ar\/wp-content\/uploads\/2011\/08\/ejercitacion_avanzados.doc\" target=\"_blank\">Ejercitaci\u00f3n para nivel avanzado B1 \u2013 B2 \u2013 C1<\/a><\/strong><\/p>\n<p>&nbsp;<\/p>\n","protected":false},"excerpt":{"rendered":"<p>Estos ejercicios est\u00e1n dirigidos a los estudiantes de alem\u00e1n que desean ampliar su pr\u00e1ctica del idioma. La ejercitaci\u00f3n reproductiva ofrece un modelo de soluci\u00f3n sin descartar otras soluciones factibles. Los ejercicios productivos se podr\u00e1n enviar a nuestra direcci\u00f3n de e-mail: info@alemanxaleman.com.ar &gt;&gt; Ejercitaci\u00f3n para nivel b\u00e1sico &gt;&gt; Ejercitaci\u00f3n para nivel avanzado B1 \u2013 B2 \u2013 [&hellip;]<\/p>\n","protected":false},"author":1,"featured_media":0,"parent":0,"menu_order":3,"comment_status":"closed","ping_status":"closed","template":"","meta":[],"_links":{"self":[{"href":"https:\/\/www.alemanxaleman.com.ar\/index.php?rest_route=\/wp\/v2\/pages\/9"}],"collection":[{"href":"https:\/\/www.alemanxaleman.com.ar\/index.php?rest_route=\/wp\/v2\/pages"}],"about":[{"href":"https:\/\/www.alemanxaleman.com.ar\/index.php?rest_route=\/wp\/v2\/types\/page"}],"author":[{"embeddable":true,"href":"https:\/\/www.alemanxaleman.com.ar\/index.php?rest_route=\/wp\/v2\/users\/1"}],"replies":[{"embeddable":true,"href":"https:\/\/www.alemanxaleman.com.ar\/index.php?rest_route=%2Fwp%2Fv2%2Fcomments&post=9"}],"version-history":[{"count":18,"href":"https:\/\/www.alemanxaleman.com.ar\/index.php?rest_route=\/wp\/v2\/pages\/9\/revisions"}],"predecessor-version":[{"id":125,"href":"https:\/\/www.alemanxaleman.com.ar\/index.php?rest_route=\/wp\/v2\/pages\/9\/revisions\/125"}],"wp:attachment":[{"href":"https:\/\/www.alemanxaleman.com.ar\/index.php?rest_route=%2Fwp%2Fv2%2Fmedia&parent=9"}],"curies":[{"name":"wp","href":"https:\/\/api.w.org\/{rel}","templated":true}]}}